{"id":301,"date":"2025-03-25T15:16:35","date_gmt":"2025-03-25T14:16:35","guid":{"rendered":"https:\/\/demos.stromasoft.com\/demo15\/?page_id=301"},"modified":"2025-03-25T16:23:56","modified_gmt":"2025-03-25T15:23:56","slug":"studio-a","status":"publish","type":"page","link":"https:\/\/demos.stromasoft.com\/demo15\/studio-a\/","title":{"rendered":"STUDIO A"},"content":{"rendered":"<div class=\"wpb-content-wrapper\">[vc_row][vc_column][vc_row_inner et_column_align=\u00a0\u00bbalign-center\u00a0\u00bb content_placement=\u00a0\u00bbmiddle\u00a0\u00bb][vc_column_inner width=\u00a0\u00bb1\/2&Prime;]\t<div id=\"et-image-slider-755\" class=\"et-image-slider slick slick-slider slick-dotted slick-dots-centered centered   \" data-adaptive-height=\"false\" variable-width=\"true\" data-pagination=\"\" data-navigation=\"true\" data-center=\"\" data-fade=\"true\" data-columns=\"1\" data-mobile-columns=\"1\" data-infinite=\"true\" data-autoplay=\"true\" data-autoplay-speed=\"3000\" data-pause=\"true\">\n\t\t\n\t\t\t\t\t<div class=\"gallery-item\">\n\t\t\t\t\t\t\t\t\t\t\t\t\t<div class=\"et-image-inner\">\n\t\t\t\t\t\t\t\t<div class=\"et_image_slider-wrapper\"><img loading=\"lazy\" decoding=\"async\" width=\"1403\" height=\"751\" src=\"https:\/\/demos.stromasoft.com\/demo15\/wp-content\/uploads\/2025\/03\/studio1-min.jpg\" class=\"et_image_slider-img attachment-full\" alt=\"\" title=\"studio1-min\" srcset=\"https:\/\/demos.stromasoft.com\/demo15\/wp-content\/uploads\/2025\/03\/studio1-min.jpg 1403w, https:\/\/demos.stromasoft.com\/demo15\/wp-content\/uploads\/2025\/03\/studio1-min-600x321.jpg 600w, https:\/\/demos.stromasoft.com\/demo15\/wp-content\/uploads\/2025\/03\/studio1-min-900x482.jpg 900w, https:\/\/demos.stromasoft.com\/demo15\/wp-content\/uploads\/2025\/03\/studio1-min-300x161.jpg 300w, https:\/\/demos.stromasoft.com\/demo15\/wp-content\/uploads\/2025\/03\/studio1-min-1024x548.jpg 1024w, https:\/\/demos.stromasoft.com\/demo15\/wp-content\/uploads\/2025\/03\/studio1-min-768x411.jpg 768w, https:\/\/demos.stromasoft.com\/demo15\/wp-content\/uploads\/2025\/03\/studio1-min-150x80.jpg 150w\" sizes=\"auto, (max-width: 1403px) 100vw, 1403px\" \/><\/div>\t\t\t\t\t\t\t\t\t\t\t\t\t\t\t\t\t\t\t\t\t\t\t<\/div>\n\t\t\t\t\t\t\t\t\t\t\t<\/div>\n\t\t\t\t\n\t\t\t\t\n\t\t\t\t\t<div class=\"gallery-item\">\n\t\t\t\t\t\t\t\t\t\t\t\t\t<div class=\"et-image-inner\">\n\t\t\t\t\t\t\t\t<div class=\"et_image_slider-wrapper\"><img loading=\"lazy\" decoding=\"async\" width=\"1403\" height=\"751\" src=\"https:\/\/demos.stromasoft.com\/demo15\/wp-content\/uploads\/2025\/03\/studio1-1-min.jpg\" class=\"et_image_slider-img attachment-full\" alt=\"\" title=\"studio1-1-min\" srcset=\"https:\/\/demos.stromasoft.com\/demo15\/wp-content\/uploads\/2025\/03\/studio1-1-min.jpg 1403w, https:\/\/demos.stromasoft.com\/demo15\/wp-content\/uploads\/2025\/03\/studio1-1-min-600x321.jpg 600w, https:\/\/demos.stromasoft.com\/demo15\/wp-content\/uploads\/2025\/03\/studio1-1-min-900x482.jpg 900w, https:\/\/demos.stromasoft.com\/demo15\/wp-content\/uploads\/2025\/03\/studio1-1-min-300x161.jpg 300w, https:\/\/demos.stromasoft.com\/demo15\/wp-content\/uploads\/2025\/03\/studio1-1-min-1024x548.jpg 1024w, https:\/\/demos.stromasoft.com\/demo15\/wp-content\/uploads\/2025\/03\/studio1-1-min-768x411.jpg 768w, https:\/\/demos.stromasoft.com\/demo15\/wp-content\/uploads\/2025\/03\/studio1-1-min-150x80.jpg 150w\" sizes=\"auto, (max-width: 1403px) 100vw, 1403px\" \/><\/div>\t\t\t\t\t\t\t\t\t\t\t\t\t\t\t\t\t\t\t\t\t\t\t<\/div>\n\t\t\t\t\t\t\t\t\t\t\t<\/div>\n\t\t\t\t\n\t\t\t\t\n\t\t\t\t\t<div class=\"gallery-item\">\n\t\t\t\t\t\t\t\t\t\t\t\t\t<div class=\"et-image-inner\">\n\t\t\t\t\t\t\t\t<div class=\"et_image_slider-wrapper\"><img loading=\"lazy\" decoding=\"async\" width=\"1403\" height=\"751\" src=\"https:\/\/demos.stromasoft.com\/demo15\/wp-content\/uploads\/2025\/03\/studio1-2-min.jpg\" class=\"et_image_slider-img attachment-full\" alt=\"\" title=\"studio1-2-min\" srcset=\"https:\/\/demos.stromasoft.com\/demo15\/wp-content\/uploads\/2025\/03\/studio1-2-min.jpg 1403w, https:\/\/demos.stromasoft.com\/demo15\/wp-content\/uploads\/2025\/03\/studio1-2-min-600x321.jpg 600w, https:\/\/demos.stromasoft.com\/demo15\/wp-content\/uploads\/2025\/03\/studio1-2-min-900x482.jpg 900w, https:\/\/demos.stromasoft.com\/demo15\/wp-content\/uploads\/2025\/03\/studio1-2-min-300x161.jpg 300w, https:\/\/demos.stromasoft.com\/demo15\/wp-content\/uploads\/2025\/03\/studio1-2-min-1024x548.jpg 1024w, https:\/\/demos.stromasoft.com\/demo15\/wp-content\/uploads\/2025\/03\/studio1-2-min-768x411.jpg 768w, https:\/\/demos.stromasoft.com\/demo15\/wp-content\/uploads\/2025\/03\/studio1-2-min-150x80.jpg 150w\" sizes=\"auto, (max-width: 1403px) 100vw, 1403px\" \/><\/div>\t\t\t\t\t\t\t\t\t\t\t\t\t\t\t\t\t\t\t\t\t\t\t<\/div>\n\t\t\t\t\t\t\t\t\t\t\t<\/div>\n\t\t\t\t\n\t\t\t\t\n\t\t\t\t\t<div class=\"gallery-item\">\n\t\t\t\t\t\t\t\t\t\t\t\t\t<div class=\"et-image-inner\">\n\t\t\t\t\t\t\t\t<div class=\"et_image_slider-wrapper\"><img loading=\"lazy\" decoding=\"async\" width=\"1403\" height=\"751\" src=\"https:\/\/demos.stromasoft.com\/demo15\/wp-content\/uploads\/2025\/03\/studio1-3-min.jpg\" class=\"et_image_slider-img attachment-full\" alt=\"\" title=\"studio1-3-min\" srcset=\"https:\/\/demos.stromasoft.com\/demo15\/wp-content\/uploads\/2025\/03\/studio1-3-min.jpg 1403w, https:\/\/demos.stromasoft.com\/demo15\/wp-content\/uploads\/2025\/03\/studio1-3-min-600x321.jpg 600w, https:\/\/demos.stromasoft.com\/demo15\/wp-content\/uploads\/2025\/03\/studio1-3-min-900x482.jpg 900w, https:\/\/demos.stromasoft.com\/demo15\/wp-content\/uploads\/2025\/03\/studio1-3-min-300x161.jpg 300w, https:\/\/demos.stromasoft.com\/demo15\/wp-content\/uploads\/2025\/03\/studio1-3-min-1024x548.jpg 1024w, https:\/\/demos.stromasoft.com\/demo15\/wp-content\/uploads\/2025\/03\/studio1-3-min-768x411.jpg 768w, https:\/\/demos.stromasoft.com\/demo15\/wp-content\/uploads\/2025\/03\/studio1-3-min-150x80.jpg 150w\" sizes=\"auto, (max-width: 1403px) 100vw, 1403px\" \/><\/div>\t\t\t\t\t\t\t\t\t\t\t\t\t\t\t\t\t\t\t\t\t\t\t<\/div>\n\t\t\t\t\t\t\t\t\t\t\t<\/div>\n\t\t\t\t\n\t\t\t\t\t<\/div>\n\t[vc_empty_space height=\u00a0\u00bb33px\u00a0\u00bb][\/vc_column_inner][vc_column_inner width=\u00a0\u00bb1\/2&Prime;][vc_custom_heading text=\u00a0\u00bbUn espace con\u00e7u pour les grandes productions\u00a0\u00bb css=\u00a0\u00bb\u00a0\u00bb][vc_column_text css=\u00a0\u00bb.vc_custom_1742914293368{margin-bottom: 21px !important;}\u00a0\u00bb]<span class=\"relative -mx-px my-[-0.2rem] rounded px-px py-[0.2rem]\">Le studio principal, Studio A, est le plus grand de nos espaces.<\/span> <span class=\"relative -mx-px my-[-0.2rem] rounded px-px py-[0.2rem]\">Il est \u00e9quip\u00e9 d&rsquo;une r\u00e9gie professionnelle, d&rsquo;une cabine d&rsquo;enregistrement spacieuse et d&rsquo;un espace d\u00e9tente, offrant un environnement id\u00e9al pour des projets musicaux d&rsquo;envergure.<\/span>[\/vc_column_text][vc_raw_html css=\u00a0\u00bb.vc_custom_1742916159152{margin-bottom: 19px !important;}\u00a0\u00bb]JTNDZGl2JTIwY2xhc3MlM0QlMjJibG9jLXByaWNlLTc1JTIyJTNFUHJpeCUzQSUyMCUzQ3NwYW4lM0U1MCVFMiU4MiVBQyUyMEhUJTIwJTJGaGV1cmUlM0MlMkZzcGFuJTNFJTNDJTJGZGl2JTNF[\/vc_raw_html]\t\t<div id=\"et-button-69d1344a1e1ee\" class=\"et_btn_align_left \">\n\t\t\t<a href=\"https:\/\/demos.stromasoft.com\/demo15\/produit\/studio-a\/\" class=\" et_btn button et_btn_md solid color-accent   \"  role=\"button\" title=\"STUDIO A\" ><span>R\u00e9server une session<\/span><\/a>\n\t\t<\/div>\n\t\t\n\t[vc_empty_space height=\u00a0\u00bb33px\u00a0\u00bb][\/vc_column_inner][\/vc_row_inner][\/vc_column][\/vc_row][vc_row][vc_column][vc_empty_space height=\u00a0\u00bb33px\u00a0\u00bb][vc_row_inner et_column_align=\u00a0\u00bbalign-center\u00a0\u00bb content_placement=\u00a0\u00bbmiddle\u00a0\u00bb][vc_column_inner][vc_raw_html css=\u00a0\u00bb\u00a0\u00bb]JTIwJTNDc2VjdGlvbiUyMGNsYXNzJTNEJTIyc3R1ZGlvLWVxdWlwbWVudCUyMiUzRSUwRCUwQSUyMCUyMCUyMCUyMCUyMCUyMCUyMCUyMCUzQ2gxJTIwY2xhc3MlM0QlMjJzZWN0aW9uLXRpdGxlJTIyJTNFJUYwJTlGJThFJTlCJTIwTWF0JUMzJUE5cmllbCUzQyUyRmgxJTNFJTBEJTBBJTBEJTBBJTIwJTIwJTIwJTIwJTIwJTIwJTIwJTIwJTNDZGl2JTIwY2xhc3MlM0QlMjJlcXVpcG1lbnQtY2F0ZWdvcnklMjIlM0UlMEQlMEElMjAlMjAlMjAlMjAlMjAlMjAlMjAlMjAlMjAlMjAlMjAlMjAlM0NoMiUyMGNsYXNzJTNEJTIyY2F0ZWdvcnktdGl0bGUlMjIlM0UlRjAlOUYlOTQlOEElMjBSJUMzJUE5Z2llJTNDJTJGaDIlM0UlMEQlMEElMjAlMjAlMjAlMjAlMjAlMjAlMjAlMjAlMjAlMjAlMjAlMjAlM0N1bCUyMGNsYXNzJTNEJTIyZXF1aXBtZW50LWxpc3QlMjIlM0UlMEQlMEElMjAlMjAlMjAlMjAlMjAlMjAlMjAlMjAlMjAlMjAlMjAlMjAlMjAlMjAlMjAlMjAlM0NsaSUyMGNsYXNzJTNEJTIyZXF1aXBtZW50LWl0ZW0lMjIlM0VDb25zb2xlJTIwZGUlMjBtaXhhZ2UlMjAlM0NzcGFuJTIwY2xhc3MlM0QlMjJlcXVpcG1lbnQtbmFtZSUyMiUzRVhZWiUyMFBybyUyMDUwMDAlM0MlMkZzcGFuJTNFJTNDJTJGbGklM0UlMEQlMEElMjAlMjAlMjAlMjAlMjAlMjAlMjAlMjAlMjAlMjAlMjAlMjAlMjAlMjAlMjAlMjAlM0NsaSUyMGNsYXNzJTNEJTIyZXF1aXBtZW50LWl0ZW0lMjIlM0VJbnRlcmZhY2UlMjBhdWRpbyUyMCUzQ3NwYW4lMjBjbGFzcyUzRCUyMmVxdWlwbWVudC1uYW1lJTIyJTNFVWx0cmFTb3VuZCUyMFgyNCUzQyUyRnNwYW4lM0UlM0MlMkZsaSUzRSUwRCUwQSUyMCUyMCUyMCUyMCUyMCUyMCUyMCUyMCUyMCUyMCUyMCUyMCUyMCUyMCUyMCUyMCUzQ2xpJTIwY2xhc3MlM0QlMjJlcXVpcG1lbnQtaXRlbSUyMiUzRU1vbml0ZXVycyUyMGRlJTIwc3R1ZGlvJTIwJTNDc3BhbiUyMGNsYXNzJTNEJTIyZXF1aXBtZW50LW5hbWUlMjIlM0VCYXNzQm9vbWVyJTIwOCUzQyUyRnNwYW4lM0UlM0MlMkZsaSUzRSUwRCUwQSUyMCUyMCUyMCUyMCUyMCUyMCUyMCUyMCUyMCUyMCUyMCUyMCUyMCUyMCUyMCUyMCUzQ2xpJTIwY2xhc3MlM0QlMjJlcXVpcG1lbnQtaXRlbSUyMiUzRVByb2Nlc3NldXIlMjBkJTI3ZWZmZXRzJTIwJTNDc3BhbiUyMGNsYXNzJTNEJTIyZXF1aXBtZW50LW5hbWUlMjIlM0VSZXZlcmJNYXN0ZXIlMjBYVCUzQyUyRnNwYW4lM0UlM0MlMkZsaSUzRSUwRCUwQSUyMCUyMCUyMCUyMCUyMCUyMCUyMCUyMCUyMCUyMCUyMCUyMCUzQyUyRnVsJTNFJTBEJTBBJTIwJTIwJTIwJTIwJTIwJTIwJTIwJTIwJTNDJTJGZGl2JTNFJTBEJTBBJTBEJTBBJTIwJTIwJTIwJTIwJTIwJTIwJTIwJTIwJTNDZGl2JTIwY2xhc3MlM0QlMjJlcXVpcG1lbnQtY2F0ZWdvcnklMjIlM0UlMEQlMEElMjAlMjAlMjAlMjAlMjAlMjAlMjAlMjAlMjAlMjAlMjAlMjAlM0NoMiUyMGNsYXNzJTNEJTIyY2F0ZWdvcnktdGl0bGUlMjIlM0UlRjAlOUYlOEUlQTQlMjBNaWNyb3Bob25lcyUzQyUyRmgyJTNFJTBEJTBBJTIwJTIwJTIwJTIwJTIwJTIwJTIwJTIwJTIwJTIwJTIwJTIwJTNDdWwlMjBjbGFzcyUzRCUyMmVxdWlwbWVudC1saXN0JTIyJTNFJTBEJTBBJTIwJTIwJTIwJTIwJTIwJTIwJTIwJTIwJTIwJTIwJTIwJTIwJTIwJTIwJTIwJTIwJTNDbGklMjBjbGFzcyUzRCUyMmVxdWlwbWVudC1pdGVtJTIyJTNFTWljcm8lMjBzdGF0aXF1ZSUyMCUzQ3NwYW4lMjBjbGFzcyUzRCUyMmVxdWlwbWVudC1uYW1lJTIyJTNFVm9jYWxQcm8lMjAyMDAlM0MlMkZzcGFuJTNFJTNDJTJGbGklM0UlMEQlMEElMjAlMjAlMjAlMjAlMjAlMjAlMjAlMjAlMjAlMjAlMjAlMjAlMjAlMjAlMjAlMjAlM0NsaSUyMGNsYXNzJTNEJTIyZXF1aXBtZW50LWl0ZW0lMjIlM0VNaWNybyUyMGR5bmFtaXF1ZSUyMCUzQ3NwYW4lMjBjbGFzcyUzRCUyMmVxdWlwbWVudC1uYW1lJTIyJTNFU291bmRUZWNoJTIwRC01MDAlM0MlMkZzcGFuJTNFJTNDJTJGbGklM0UlMEQlMEElMjAlMjAlMjAlMjAlMjAlMjAlMjAlMjAlMjAlMjAlMjAlMjAlMjAlMjAlMjAlMjAlM0NsaSUyMGNsYXNzJTNEJTIyZXF1aXBtZW50LWl0ZW0lMjIlM0VNaWNybyUyMHJ1YmFuJTIwJTNDc3BhbiUyMGNsYXNzJTNEJTIyZXF1aXBtZW50LW5hbWUlMjIlM0VSZXRyb1dhdmUlMjBSMSUzQyUyRnNwYW4lM0UlM0MlMkZsaSUzRSUwRCUwQSUyMCUyMCUyMCUyMCUyMCUyMCUyMCUyMCUyMCUyMCUyMCUyMCUyMCUyMCUyMCUyMCUzQ2xpJTIwY2xhc3MlM0QlMjJlcXVpcG1lbnQtaXRlbSUyMiUzRUtpdCUyMGRlJTIwbWljcm9zJTIwYmF0dGVyaWUlMjAlM0NzcGFuJTIwY2xhc3MlM0QlMjJlcXVpcG1lbnQtbmFtZSUyMiUzRURydW1CZWF0JTIwNyUzQyUyRnNwYW4lM0UlM0MlMkZsaSUzRSUwRCUwQSUyMCUyMCUyMCUyMCUyMCUyMCUyMCUyMCUyMCUyMCUyMCUyMCUzQyUyRnVsJTNFJTBEJTBBJTIwJTIwJTIwJTIwJTIwJTIwJTIwJTIwJTNDJTJGZGl2JTNFJTBEJTBBJTBEJTBBJTIwJTIwJTIwJTIwJTIwJTIwJTIwJTIwJTNDZGl2JTIwY2xhc3MlM0QlMjJlcXVpcG1lbnQtY2F0ZWdvcnklMjIlM0UlMEQlMEElMjAlMjAlMjAlMjAlMjAlMjAlMjAlMjAlMjAlMjAlMjAlMjAlM0NoMiUyMGNsYXNzJTNEJTIyY2F0ZWdvcnktdGl0bGUlMjIlM0UlRjAlOUYlOEUlQTclMjBDYXNxdWVzJTIwJTI2JTIwJUMzJTg5Y291dGV1cnMlM0MlMkZoMiUzRSUwRCUwQSUyMCUyMCUyMCUyMCUyMCUyMCUyMCUyMCUyMCUyMCUyMCUyMCUzQ3VsJTIwY2xhc3MlM0QlMjJlcXVpcG1lbnQtbGlzdCUyMiUzRSUwRCUwQSUyMCUyMCUyMCUyMCUyMCUyMCUyMCUyMCUyMCUyMCUyMCUyMCUyMCUyMCUyMCUyMCUzQ2xpJTIwY2xhc3MlM0QlMjJlcXVpcG1lbnQtaXRlbSUyMiUzRUNhc3F1ZXMlMjBzdHVkaW8lMjAlM0NzcGFuJTIwY2xhc3MlM0QlMjJlcXVpcG1lbnQtbmFtZSUyMiUzRURlZXBTb3VuZCUyMEhEOSUzQyUyRnNwYW4lM0UlM0MlMkZsaSUzRSUwRCUwQSUyMCUyMCUyMCUyMCUyMCUyMCUyMCUyMCUyMCUyMCUyMCUyMCUyMCUyMCUyMCUyMCUzQ2xpJTIwY2xhc3MlM0QlMjJlcXVpcG1lbnQtaXRlbSUyMiUzRSVDMyU4OWNvdXRldXJzJTIwZGUlMjBtb25pdG9yaW5nJTIwJTNDc3BhbiUyMGNsYXNzJTNEJTIyZXF1aXBtZW50LW5hbWUlMjIlM0VJbkVhciUyMFBybyUyMFgyJTNDJTJGc3BhbiUzRSUzQyUyRmxpJTNFJTBEJTBBJTIwJTIwJTIwJTIwJTIwJTIwJTIwJTIwJTIwJTIwJTIwJTIwJTNDJTJGdWwlM0UlMEQlMEElMjAlMjAlMjAlMjAlMjAlMjAlMjAlMjAlM0MlMkZkaXYlM0UlMEQlMEElMEQlMEElMjAlMjAlMjAlMjAlMjAlMjAlMjAlMjAlM0NkaXYlMjBjbGFzcyUzRCUyMmVxdWlwbWVudC1jYXRlZ29yeSUyMiUzRSUwRCUwQSUyMCUyMCUyMCUyMCUyMCUyMCUyMCUyMCUyMCUyMCUyMCUyMCUzQ2gyJTIwY2xhc3MlM0QlMjJjYXRlZ29yeS10aXRsZSUyMiUzRSVGMCU5RiU4RSVCOSUyMEluc3RydW1lbnRzJTIwJTI2JTIwTUlESSUzQyUyRmgyJTNFJTBEJTBBJTIwJTIwJTIwJTIwJTIwJTIwJTIwJTIwJTIwJTIwJTIwJTIwJTNDdWwlMjBjbGFzcyUzRCUyMmVxdWlwbWVudC1saXN0JTIyJTNFJTBEJTBBJTIwJTIwJTIwJTIwJTIwJTIwJTIwJTIwJTIwJTIwJTIwJTIwJTIwJTIwJTIwJTIwJTNDbGklMjBjbGFzcyUzRCUyMmVxdWlwbWVudC1pdGVtJTIyJTNFQ2xhdmllciUyMG1hJUMzJUFFdHJlJTIwJTNDc3BhbiUyMGNsYXNzJTNEJTIyZXF1aXBtZW50LW5hbWUlMjIlM0VTeW50aENvbnRyb2wlMjA4OCUzQyUyRnNwYW4lM0UlM0MlMkZsaSUzRSUwRCUwQSUyMCUyMCUyMCUyMCUyMCUyMCUyMCUyMCUyMCUyMCUyMCUyMCUyMCUyMCUyMCUyMCUzQ2xpJTIwY2xhc3MlM0QlMjJlcXVpcG1lbnQtaXRlbSUyMiUzRUJvJUMzJUFFdGUlMjAlQzMlQTAlMjByeXRobWVzJTIwJTNDc3BhbiUyMGNsYXNzJTNEJTIyZXF1aXBtZW50LW5hbWUlMjIlM0VCZWF0TWFrZXIlMjAzMDAwJTNDJTJGc3BhbiUzRSUzQyUyRmxpJTNFJTBEJTBBJTIwJTIwJTIwJTIwJTIwJTIwJTIwJTIwJTIwJTIwJTIwJTIwJTIwJTIwJTIwJTIwJTNDbGklMjBjbGFzcyUzRCUyMmVxdWlwbWVudC1pdGVtJTIyJTNFR3VpdGFyZSUyMCVDMyVBOWxlY3RyaXF1ZSUyMCUzQ3NwYW4lMjBjbGFzcyUzRCUyMmVxdWlwbWVudC1uYW1lJTIyJTNFU3RyYXRvU291bmQlMjBYJTNDJTJGc3BhbiUzRSUzQyUyRmxpJTNFJTBEJTBBJTIwJTIwJTIwJTIwJTIwJTIwJTIwJTIwJTIwJTIwJTIwJTIwJTIwJTIwJTIwJTIwJTNDbGklMjBjbGFzcyUzRCUyMmVxdWlwbWVudC1pdGVtJTIyJTNFQmFzc2UlMjAlM0NzcGFuJTIwY2xhc3MlM0QlMjJlcXVpcG1lbnQtbmFtZSUyMiUzRUZ1bmt5QmFzcyUyMDVDJTNDJTJGc3BhbiUzRSUzQyUyRmxpJTNFJTBEJTBBJTIwJTIwJTIwJTIwJTIwJTIwJTIwJTIwJTIwJTIwJTIwJTIwJTNDJTJGdWwlM0UlMEQlMEElMjAlMjAlMjAlMjAlMjAlMjAlMjAlMjAlM0MlMkZkaXYlM0UlMEQlMEElMEQlMEElMjAlMjAlMjAlMjAlMjAlMjAlMjAlMjAlM0NkaXYlMjBjbGFzcyUzRCUyMmVxdWlwbWVudC1jYXRlZ29yeSUyMiUzRSUwRCUwQSUyMCUyMCUyMCUyMCUyMCUyMCUyMCUyMCUyMCUyMCUyMCUyMCUzQ2gyJTIwY2xhc3MlM0QlMjJjYXRlZ29yeS10aXRsZSUyMiUzRSVGMCU5RiU4RSU5QiUyMFRyYWl0ZW1lbnQlMjBkdSUyMHNvbiUzQyUyRmgyJTNFJTBEJTBBJTIwJTIwJTIwJTIwJTIwJTIwJTIwJTIwJTIwJTIwJTIwJTIwJTNDdWwlMjBjbGFzcyUzRCUyMmVxdWlwbWVudC1saXN0JTIyJTNFJTBEJTBBJTIwJTIwJTIwJTIwJTIwJTIwJTIwJTIwJTIwJTIwJTIwJTIwJTIwJTIwJTIwJTIwJTNDbGklMjBjbGFzcyUzRCUyMmVxdWlwbWVudC1pdGVtJTIyJTNFUHIlQzMlQTlhbXBsaSUyMCUzQ3NwYW4lMjBjbGFzcyUzRCUyMmVxdWlwbWVudC1uYW1lJTIyJTNFV2FybVRvbmUlMjA0MDAlM0MlMkZzcGFuJTNFJTNDJTJGbGklM0UlMEQlMEElMjAlMjAlMjAlMjAlMjAlMjAlMjAlMjAlMjAlMjAlMjAlMjAlMjAlMjAlMjAlMjAlM0NsaSUyMGNsYXNzJTNEJTIyZXF1aXBtZW50LWl0ZW0lMjIlM0VDb21wcmVzc2V1ciUyMCUzQ3NwYW4lMjBjbGFzcyUzRCUyMmVxdWlwbWVudC1uYW1lJTIyJTNFU21vb3RoQ29tcCUyMFYyJTNDJTJGc3BhbiUzRSUzQyUyRmxpJTNFJTBEJTBBJTIwJTIwJTIwJTIwJTIwJTIwJTIwJTIwJTIwJTIwJTIwJTIwJTIwJTIwJTIwJTIwJTNDbGklMjBjbGFzcyUzRCUyMmVxdWlwbWVudC1pdGVtJTIyJTNFJUMzJTg5Z2FsaXNldXIlMjAlM0NzcGFuJTIwY2xhc3MlM0QlMjJlcXVpcG1lbnQtbmFtZSUyMiUzRUZyZXFCYWxhbmNlJTIwMTAtQmFuZCUzQyUyRnNwYW4lM0UlM0MlMkZsaSUzRSUwRCUwQSUyMCUyMCUyMCUyMCUyMCUyMCUyMCUyMCUyMCUyMCUyMCUyMCUzQyUyRnVsJTNFJTBEJTBBJTIwJTIwJTIwJTIwJTIwJTIwJTIwJTIwJTNDJTJGZGl2JTNFJTBEJTBBJTBEJTBBJTIwJTIwJTIwJTIwJTIwJTIwJTIwJTIwJTNDZGl2JTIwY2xhc3MlM0QlMjJlcXVpcG1lbnQtY2F0ZWdvcnklMjIlM0UlMEQlMEElMjAlMjAlMjAlMjAlMjAlMjAlMjAlMjAlMjAlMjAlMjAlMjAlM0NoMiUyMGNsYXNzJTNEJTIyY2F0ZWdvcnktdGl0bGUlMjIlM0UlRjAlOUYlOTYlQTUlMjBMb2dpY2llbHMlMjAlMjYlMjBQbHVnaW5zJTNDJTJGaDIlM0UlMEQlMEElMjAlMjAlMjAlMjAlMjAlMjAlMjAlMjAlMjAlMjAlMjAlMjAlM0N1bCUyMGNsYXNzJTNEJTIyZXF1aXBtZW50LWxpc3QlMjIlM0UlMEQlMEElMjAlMjAlMjAlMjAlMjAlMjAlMjAlMjAlMjAlMjAlMjAlMjAlMjAlMjAlMjAlMjAlM0NsaSUyMGNsYXNzJTNEJTIyZXF1aXBtZW50LWl0ZW0lMjIlM0VEQVclMjAlM0ElMjAlM0NzcGFuJTIwY2xhc3MlM0QlMjJlcXVpcG1lbnQtbmFtZSUyMiUzRVNvdW5kRmxvdyUyMFBybyUyMDEyJTNDJTJGc3BhbiUzRSUzQyUyRmxpJTNFJTBEJTBBJTIwJTIwJTIwJTIwJTIwJTIwJTIwJTIwJTIwJTIwJTIwJTIwJTIwJTIwJTIwJTIwJTNDbGklMjBjbGFzcyUzRCUyMmVxdWlwbWVudC1pdGVtJTIyJTNFUGFjayUyMGRlJTIwcGx1Z2lucyUyMCUzQ3NwYW4lMjBjbGFzcyUzRCUyMmVxdWlwbWVudC1uYW1lJTIyJTNFTWl4TWFzdGVyJTIwU3VpdGUlM0MlMkZzcGFuJTNFJTNDJTJGbGklM0UlMEQlMEElMjAlMjAlMjAlMjAlMjAlMjAlMjAlMjAlMjAlMjAlMjAlMjAlMjAlMjAlMjAlMjAlM0NsaSUyMGNsYXNzJTNEJTIyZXF1aXBtZW50LWl0ZW0lMjIlM0VJbnN0cnVtZW50cyUyMHZpcnR1ZWxzJTIwJTNDc3BhbiUyMGNsYXNzJTNEJTIyZXF1aXBtZW50LW5hbWUlMjIlM0VTeW50aEdhbGF4eSUyMENvbGxlY3Rpb24lM0MlMkZzcGFuJTNFJTNDJTJGbGklM0UlMEQlMEElMjAlMjAlMjAlMjAlMjAlMjAlMjAlMjAlMjAlMjAlMjAlMjAlM0MlMkZ1bCUzRSUwRCUwQSUyMCUyMCUyMCUyMCUyMCUyMCUyMCUyMCUzQyUyRmRpdiUzRSUwRCUwQSUyMCUyMCUyMCUyMCUyMCUyMCUyMCUyMCUwRCUwQSUyMCUyMCUyMCUyMCUzQyUyRnNlY3Rpb24lM0U=[\/vc_raw_html]\t\t<div id=\"et-button-69d1344a1e23b\" class=\"et_btn_align_left \">\n\t\t\t<a href=\"https:\/\/demos.stromasoft.com\/demo15\/produit\/studio-a\/\" class=\" et_btn button et_btn_md solid color-accent   \"  role=\"button\" title=\"STUDIO A\" ><span>R\u00e9server une session<\/span><\/a>\n\t\t<\/div>\n\t\t\n\t[vc_empty_space height=\u00a0\u00bb55px\u00a0\u00bb][\/vc_column_inner][\/vc_row_inner][\/vc_column][\/vc_row]\n<\/div>","protected":false},"excerpt":{"rendered":"<p>[vc_row][vc_column][vc_row_inner et_column_align=\u00a0\u00bbalign-center\u00a0\u00bb content_placement=\u00a0\u00bbmiddle\u00a0\u00bb][vc_column_inner width=\u00a0\u00bb1\/2&Prime;][vc_empty_space height=\u00a0\u00bb33px\u00a0\u00bb][\/vc_column_inner][vc_column_inner width=\u00a0\u00bb1\/2&Prime;][vc_custom_heading text=\u00a0\u00bbUn espace con\u00e7u pour les grandes productions\u00a0\u00bb css=\u00a0\u00bb\u00a0\u00bb][vc_column_text css=\u00a0\u00bb.vc_custom_1742914293368{margin-bottom: 21px !important;}\u00a0\u00bb]Le studio principal, Studio A, est le plus grand de nos espaces. Il est \u00e9quip\u00e9 d&rsquo;une r\u00e9gie professionnelle, d&rsquo;une cabine d&rsquo;enregistrement spacieuse et d&rsquo;un espace d\u00e9tente, offrant un environnement id\u00e9al pour des projets musicaux [&hellip;]<\/p>\n","protected":false},"author":1,"featured_media":0,"parent":0,"menu_order":0,"comment_status":"closed","ping_status":"closed","template":"","meta":{"inline_featured_image":false,"footnotes":""},"class_list":["post-301","page","type-page","status-publish","hentry"],"_links":{"self":[{"href":"https:\/\/demos.stromasoft.com\/demo15\/wp-json\/wp\/v2\/pages\/301","targetHints":{"allow":["GET"]}}],"collection":[{"href":"https:\/\/demos.stromasoft.com\/demo15\/wp-json\/wp\/v2\/pages"}],"about":[{"href":"https:\/\/demos.stromasoft.com\/demo15\/wp-json\/wp\/v2\/types\/page"}],"author":[{"embeddable":true,"href":"https:\/\/demos.stromasoft.com\/demo15\/wp-json\/wp\/v2\/users\/1"}],"replies":[{"embeddable":true,"href":"https:\/\/demos.stromasoft.com\/demo15\/wp-json\/wp\/v2\/comments?post=301"}],"version-history":[{"count":13,"href":"https:\/\/demos.stromasoft.com\/demo15\/wp-json\/wp\/v2\/pages\/301\/revisions"}],"predecessor-version":[{"id":325,"href":"https:\/\/demos.stromasoft.com\/demo15\/wp-json\/wp\/v2\/pages\/301\/revisions\/325"}],"wp:attachment":[{"href":"https:\/\/demos.stromasoft.com\/demo15\/wp-json\/wp\/v2\/media?parent=301"}],"curies":[{"name":"wp","href":"https:\/\/api.w.org\/{rel}","templated":true}]}}